{"id":1099,"date":"2017-01-24T11:37:04","date_gmt":"2017-01-24T10:37:04","guid":{"rendered":"http:\/\/www.marco-danielou.fr\/?page_id=1099"},"modified":"2017-01-24T11:52:53","modified_gmt":"2017-01-24T10:52:53","slug":"meilleurs-ouvriers-de-france-2016","status":"publish","type":"page","link":"https:\/\/www.marco-danielou.fr\/index.php\/meilleurs-ouvriers-de-france-2016\/","title":{"rendered":"Rassemblement des Meilleurs Ouvriers de France 2016"},"content":{"rendered":"<p>[et_pb_section admin_label=\u00a0\u00bbsection\u00a0\u00bb background_image=\u00a0\u00bbhttp:\/\/www.marco-danielou.fr\/wp-content\/uploads\/2017\/01\/A0020161022_101144.jpg\u00a0\u00bb transparent_background=\u00a0\u00bboff\u00a0\u00bb allow_player_pause=\u00a0\u00bboff\u00a0\u00bb inner_shadow=\u00a0\u00bboff\u00a0\u00bb parallax=\u00a0\u00bbon\u00a0\u00bb parallax_method=\u00a0\u00bboff\u00a0\u00bb padding_mobile=\u00a0\u00bboff\u00a0\u00bb make_fullwidth=\u00a0\u00bboff\u00a0\u00bb use_custom_width=\u00a0\u00bboff\u00a0\u00bb width_unit=\u00a0\u00bbon\u00a0\u00bb make_equal=\u00a0\u00bboff\u00a0\u00bb use_custom_gutter=\u00a0\u00bboff\u00a0\u00bb custom_css_main_element=\u00a0\u00bbheight:200px\u00a0\u00bb][et_pb_row admin_label=\u00a0\u00bbrow\u00a0\u00bb][et_pb_column type=\u00a0\u00bb4_4&Prime;][\/et_pb_column][\/et_pb_row][\/et_pb_section][et_pb_section admin_label=\u00a0\u00bbSection\u00a0\u00bb fullwidth=\u00a0\u00bboff\u00a0\u00bb specialty=\u00a0\u00bboff\u00a0\u00bb][et_pb_row admin_label=\u00a0\u00bbLigne\u00a0\u00bb][et_pb_column type=\u00a0\u00bb2_3&Prime;][et_pb_text admin_label=\u00a0\u00bbTexte\u00a0\u00bb background_layout=\u00a0\u00bblight\u00a0\u00bb text_orientation=\u00a0\u00bbleft\u00a0\u00bb use_border_color=\u00a0\u00bboff\u00a0\u00bb border_color=\u00a0\u00bb#ffffff\u00a0\u00bb border_style=\u00a0\u00bbsolid\u00a0\u00bb]<\/p>\n<h1>Rassemblement des Meilleurs Ouvriers de France\u00a0&#8211; 22 et 23 octobre 2016<\/h1>\n<p>Marco-Danielou a eu le plaisir d&rsquo;\u00eatre partenaire du rassemblement des MOF 2016. Un week-end qui a rassembl\u00e9 pr\u00e8s de 70 Meilleurs Ouvriers de France au Ch\u00e2teau des Vaux. Marco-Danielou a accompagn\u00e9 les Meilleurs Ouvriers de France et les Meilleurs Apprentis de France Cuisine avec des fruits et l\u00e9gumes frais, expos\u00e9s \u00e9galement aupr\u00e8s des visiteurs.<\/p>\n<p><strong>Un \u00e9v\u00e9nement unique au Ch\u00e2teau des Vaux qui a attir\u00e9 plus de 4500 visiteurs !<\/strong><\/p>\n<p><em>Retrouvez quelques photos de l\u2019\u00e9v\u00e9nement ci-dessous :<\/em><\/p>\n<p>&nbsp;<\/p>\n<p>[\/et_pb_text][\/et_pb_column][et_pb_column type=\u00a0\u00bb1_3&Prime;][et_pb_image admin_label=\u00a0\u00bbImage\u00a0\u00bb src=\u00a0\u00bbhttp:\/\/www.marco-danielou.fr\/wp-content\/uploads\/2017\/01\/P1100339-Small.jpg\u00a0\u00bb show_in_lightbox=\u00a0\u00bboff\u00a0\u00bb url_new_window=\u00a0\u00bboff\u00a0\u00bb animation=\u00a0\u00bbleft\u00a0\u00bb sticky=\u00a0\u00bboff\u00a0\u00bb align=\u00a0\u00bbleft\u00a0\u00bb force_fullwidth=\u00a0\u00bboff\u00a0\u00bb always_center_on_mobile=\u00a0\u00bbon\u00a0\u00bb use_border_color=\u00a0\u00bbon\u00a0\u00bb border_color=\u00a0\u00bb#1c1c1c\u00a0\u00bb border_style=\u00a0\u00bbsolid\u00a0\u00bb] [\/et_pb_image][\/et_pb_column][\/et_pb_row][et_pb_row admin_label=\u00a0\u00bbLigne\u00a0\u00bb][et_pb_column type=\u00a0\u00bb4_4&Prime;][et_pb_divider admin_label=\u00a0\u00bbS\u00e9parateur\u00a0\u00bb color=\u00a0\u00bb#919191&Prime; show_divider=\u00a0\u00bboff\u00a0\u00bb divider_style=\u00a0\u00bbsolid\u00a0\u00bb divider_position=\u00a0\u00bbtop\u00a0\u00bb hide_on_mobile=\u00a0\u00bbon\u00a0\u00bb height=\u00a0\u00bb10&Prime;] [\/et_pb_divider][et_pb_gallery admin_label=\u00a0\u00bbGalerie\u00a0\u00bb gallery_ids=\u00a0\u00bb1101,1102,1103,1104,1107,1108,1109,1110&Prime; fullwidth=\u00a0\u00bboff\u00a0\u00bb show_title_and_caption=\u00a0\u00bbon\u00a0\u00bb show_pagination=\u00a0\u00bbon\u00a0\u00bb background_layout=\u00a0\u00bbdark\u00a0\u00bb auto=\u00a0\u00bbon\u00a0\u00bb hover_overlay_color=\u00a0\u00bbrgba(255,255,255,0.9)\u00a0\u00bb caption_all_caps=\u00a0\u00bboff\u00a0\u00bb use_border_color=\u00a0\u00bboff\u00a0\u00bb border_color=\u00a0\u00bb#ffffff\u00a0\u00bb border_style=\u00a0\u00bbsolid\u00a0\u00bb posts_number=\u00a0\u00bb8&Prime;] [\/et_pb_gallery][et_pb_text admin_label=\u00a0\u00bbTexte\u00a0\u00bb background_layout=\u00a0\u00bblight\u00a0\u00bb text_orientation=\u00a0\u00bbleft\u00a0\u00bb use_border_color=\u00a0\u00bboff\u00a0\u00bb border_color=\u00a0\u00bb#ffffff\u00a0\u00bb border_style=\u00a0\u00bbsolid\u00a0\u00bb]<\/p>\n<p><strong>Revivez l&rsquo;\u00e9v\u00e9nement en cliquant <span style=\"text-decoration: underline;\"><a href=\"http:\/\/chateaudesvaux.apprentis-auteuil.org\/meilleurs-ouvriers-de-france-etaient-chateau-vaux\/\" target=\"_blank\">ici<\/a><\/span> !<\/strong><\/p>\n<p>[\/et_pb_text][\/et_pb_column][\/et_pb_row][\/et_pb_section][et_pb_section admin_label=\u00a0\u00bbsection\u00a0\u00bb background_image=\u00a0\u00bbhttp:\/\/www.marco-danielou.fr\/wp-content\/uploads\/2017\/01\/A0020161022_101144.jpg\u00a0\u00bb transparent_background=\u00a0\u00bboff\u00a0\u00bb allow_player_pause=\u00a0\u00bboff\u00a0\u00bb inner_shadow=\u00a0\u00bboff\u00a0\u00bb parallax=\u00a0\u00bbon\u00a0\u00bb parallax_method=\u00a0\u00bboff\u00a0\u00bb padding_mobile=\u00a0\u00bboff\u00a0\u00bb make_fullwidth=\u00a0\u00bboff\u00a0\u00bb use_custom_width=\u00a0\u00bboff\u00a0\u00bb width_unit=\u00a0\u00bbon\u00a0\u00bb make_equal=\u00a0\u00bboff\u00a0\u00bb use_custom_gutter=\u00a0\u00bboff\u00a0\u00bb custom_css_main_element=\u00a0\u00bbheight:200px\u00a0\u00bb][et_pb_row admin_label=\u00a0\u00bbrow\u00a0\u00bb][et_pb_column type=\u00a0\u00bb4_4&Prime;][\/et_pb_column][\/et_pb_row][\/et_pb_section]<\/p>\n","protected":false},"excerpt":{"rendered":"<p>Rassemblement des Meilleurs Ouvriers de France\u00a0&#8211; 22 et 23 octobre 2016 Marco-Danielou a eu le plaisir d&rsquo;\u00eatre partenaire du rassemblement des MOF 2016. Un week-end qui a rassembl\u00e9 pr\u00e8s de 70 Meilleurs Ouvriers de France au Ch\u00e2teau des Vaux. Marco-Danielou a accompagn\u00e9 les Meilleurs Ouvriers de France et les Meilleurs Apprentis de France Cuisine avec [&hellip;]<\/p>\n","protected":false},"author":1,"featured_media":0,"parent":0,"menu_order":0,"comment_status":"closed","ping_status":"closed","template":"","meta":{"_et_pb_use_builder":"on","_et_pb_old_content":"","_et_gb_content_width":""},"yoast_head":"<!-- This site is optimized with the Yoast SEO plugin v18.6 - https:\/\/yoast.com\/wordpress\/plugins\/seo\/ -->\n<title>Rassemblement des MOF - 22 et 23 octobre 2016<\/title>\n<meta name=\"description\" content=\"Marco-Danielou \u00e9tait partenaire du rassemblement des Meilleurs Ouvriers de France qui s&#039;est d\u00e9roul\u00e9 au Ch\u00e2teau des Vaux. Cliquez pour d\u00e9couvrir les photos..\" \/>\n<meta name=\"robots\" content=\"index, follow, max-snippet:-1, max-image-preview:large, max-video-preview:-1\" \/>\n<link rel=\"canonical\" href=\"http:\/\/www.marco-danielou.fr\/index.php\/meilleurs-ouvriers-de-france-2016\/\" \/>\n<meta property=\"og:locale\" content=\"fr_FR\" \/>\n<meta property=\"og:type\" content=\"article\" \/>\n<meta property=\"og:title\" content=\"Rassemblement des MOF - 22 et 23 octobre 2016\" \/>\n<meta property=\"og:description\" content=\"Marco-Danielou \u00e9tait partenaire du rassemblement des Meilleurs Ouvriers de France qui s&#039;est d\u00e9roul\u00e9 au Ch\u00e2teau des Vaux. Cliquez pour d\u00e9couvrir les photos..\" \/>\n<meta property=\"og:url\" content=\"http:\/\/www.marco-danielou.fr\/index.php\/meilleurs-ouvriers-de-france-2016\/\" \/>\n<meta property=\"og:site_name\" content=\"Marco-Danielou\" \/>\n<meta property=\"article:modified_time\" content=\"2017-01-24T10:52:53+00:00\" \/>\n<meta name=\"twitter:card\" content=\"summary\" \/>\n<meta name=\"twitter:label1\" content=\"Dur\u00e9e de lecture estim\u00e9e\" \/>\n\t<meta name=\"twitter:data1\" content=\"2 minutes\" \/>\n<script type=\"application\/ld+json\" class=\"yoast-schema-graph\">{\"@context\":\"https:\/\/schema.org\",\"@graph\":[{\"@type\":\"WebSite\",\"@id\":\"https:\/\/www.marco-danielou.fr\/#website\",\"url\":\"https:\/\/www.marco-danielou.fr\/\",\"name\":\"Marco-Danielou\",\"description\":\"Au coeur du frais\",\"potentialAction\":[{\"@type\":\"SearchAction\",\"target\":{\"@type\":\"EntryPoint\",\"urlTemplate\":\"https:\/\/www.marco-danielou.fr\/?s={search_term_string}\"},\"query-input\":\"required name=search_term_string\"}],\"inLanguage\":\"fr-FR\"},{\"@type\":\"WebPage\",\"@id\":\"http:\/\/www.marco-danielou.fr\/index.php\/meilleurs-ouvriers-de-france-2016\/#webpage\",\"url\":\"http:\/\/www.marco-danielou.fr\/index.php\/meilleurs-ouvriers-de-france-2016\/\",\"name\":\"Rassemblement des MOF - 22 et 23 octobre 2016\",\"isPartOf\":{\"@id\":\"https:\/\/www.marco-danielou.fr\/#website\"},\"datePublished\":\"2017-01-24T10:37:04+00:00\",\"dateModified\":\"2017-01-24T10:52:53+00:00\",\"description\":\"Marco-Danielou \u00e9tait partenaire du rassemblement des Meilleurs Ouvriers de France qui s'est d\u00e9roul\u00e9 au Ch\u00e2teau des Vaux. Cliquez pour d\u00e9couvrir les photos..\",\"breadcrumb\":{\"@id\":\"http:\/\/www.marco-danielou.fr\/index.php\/meilleurs-ouvriers-de-france-2016\/#breadcrumb\"},\"inLanguage\":\"fr-FR\",\"potentialAction\":[{\"@type\":\"ReadAction\",\"target\":[\"http:\/\/www.marco-danielou.fr\/index.php\/meilleurs-ouvriers-de-france-2016\/\"]}]},{\"@type\":\"BreadcrumbList\",\"@id\":\"http:\/\/www.marco-danielou.fr\/index.php\/meilleurs-ouvriers-de-france-2016\/#breadcrumb\",\"itemListElement\":[{\"@type\":\"ListItem\",\"position\":1,\"name\":\"Accueil\",\"item\":\"https:\/\/www.marco-danielou.fr\/\"},{\"@type\":\"ListItem\",\"position\":2,\"name\":\"Rassemblement des Meilleurs Ouvriers de France 2016\"}]}]}<\/script>\n<!-- \/ Yoast SEO plugin. -->","yoast_head_json":{"title":"Rassemblement des MOF - 22 et 23 octobre 2016","description":"Marco-Danielou \u00e9tait partenaire du rassemblement des Meilleurs Ouvriers de France qui s'est d\u00e9roul\u00e9 au Ch\u00e2teau des Vaux. Cliquez pour d\u00e9couvrir les photos..","robots":{"index":"index","follow":"follow","max-snippet":"max-snippet:-1","max-image-preview":"max-image-preview:large","max-video-preview":"max-video-preview:-1"},"canonical":"http:\/\/www.marco-danielou.fr\/index.php\/meilleurs-ouvriers-de-france-2016\/","og_locale":"fr_FR","og_type":"article","og_title":"Rassemblement des MOF - 22 et 23 octobre 2016","og_description":"Marco-Danielou \u00e9tait partenaire du rassemblement des Meilleurs Ouvriers de France qui s'est d\u00e9roul\u00e9 au Ch\u00e2teau des Vaux. Cliquez pour d\u00e9couvrir les photos..","og_url":"http:\/\/www.marco-danielou.fr\/index.php\/meilleurs-ouvriers-de-france-2016\/","og_site_name":"Marco-Danielou","article_modified_time":"2017-01-24T10:52:53+00:00","twitter_card":"summary","twitter_misc":{"Dur\u00e9e de lecture estim\u00e9e":"2 minutes"},"schema":{"@context":"https:\/\/schema.org","@graph":[{"@type":"WebSite","@id":"https:\/\/www.marco-danielou.fr\/#website","url":"https:\/\/www.marco-danielou.fr\/","name":"Marco-Danielou","description":"Au coeur du frais","potentialAction":[{"@type":"SearchAction","target":{"@type":"EntryPoint","urlTemplate":"https:\/\/www.marco-danielou.fr\/?s={search_term_string}"},"query-input":"required name=search_term_string"}],"inLanguage":"fr-FR"},{"@type":"WebPage","@id":"http:\/\/www.marco-danielou.fr\/index.php\/meilleurs-ouvriers-de-france-2016\/#webpage","url":"http:\/\/www.marco-danielou.fr\/index.php\/meilleurs-ouvriers-de-france-2016\/","name":"Rassemblement des MOF - 22 et 23 octobre 2016","isPartOf":{"@id":"https:\/\/www.marco-danielou.fr\/#website"},"datePublished":"2017-01-24T10:37:04+00:00","dateModified":"2017-01-24T10:52:53+00:00","description":"Marco-Danielou \u00e9tait partenaire du rassemblement des Meilleurs Ouvriers de France qui s'est d\u00e9roul\u00e9 au Ch\u00e2teau des Vaux. Cliquez pour d\u00e9couvrir les photos..","breadcrumb":{"@id":"http:\/\/www.marco-danielou.fr\/index.php\/meilleurs-ouvriers-de-france-2016\/#breadcrumb"},"inLanguage":"fr-FR","potentialAction":[{"@type":"ReadAction","target":["http:\/\/www.marco-danielou.fr\/index.php\/meilleurs-ouvriers-de-france-2016\/"]}]},{"@type":"BreadcrumbList","@id":"http:\/\/www.marco-danielou.fr\/index.php\/meilleurs-ouvriers-de-france-2016\/#breadcrumb","itemListElement":[{"@type":"ListItem","position":1,"name":"Accueil","item":"https:\/\/www.marco-danielou.fr\/"},{"@type":"ListItem","position":2,"name":"Rassemblement des Meilleurs Ouvriers de France 2016"}]}]}},"_links":{"self":[{"href":"https:\/\/www.marco-danielou.fr\/index.php\/wp-json\/wp\/v2\/pages\/1099"}],"collection":[{"href":"https:\/\/www.marco-danielou.fr\/index.php\/wp-json\/wp\/v2\/pages"}],"about":[{"href":"https:\/\/www.marco-danielou.fr\/index.php\/wp-json\/wp\/v2\/types\/page"}],"author":[{"embeddable":true,"href":"https:\/\/www.marco-danielou.fr\/index.php\/wp-json\/wp\/v2\/users\/1"}],"replies":[{"embeddable":true,"href":"https:\/\/www.marco-danielou.fr\/index.php\/wp-json\/wp\/v2\/comments?post=1099"}],"version-history":[{"count":7,"href":"https:\/\/www.marco-danielou.fr\/index.php\/wp-json\/wp\/v2\/pages\/1099\/revisions"}],"predecessor-version":[{"id":1117,"href":"https:\/\/www.marco-danielou.fr\/index.php\/wp-json\/wp\/v2\/pages\/1099\/revisions\/1117"}],"wp:attachment":[{"href":"https:\/\/www.marco-danielou.fr\/index.php\/wp-json\/wp\/v2\/media?parent=1099"}],"curies":[{"name":"wp","href":"https:\/\/api.w.org\/{rel}","templated":true}]}}